{"id":2732,"date":"2021-07-12T15:29:26","date_gmt":"2021-07-12T13:29:26","guid":{"rendered":"http:\/\/www.cocker-montravel.com\/?page_id=2732"},"modified":"2025-12-28T16:48:17","modified_gmt":"2025-12-28T15:48:17","slug":"chiots-a-vendre","status":"publish","type":"page","link":"https:\/\/www.cocker-montravel.com\/?page_id=2732","title":{"rendered":"Chiots \u00e0 vendre (1) Rosalie"},"content":{"rendered":"\n<p>Mes chiennes mettent bas dans ma chambre o\u00f9 elles sont surveill\u00e9es et calin\u00e9es. Elles profitent pleinement de leurs b\u00e9b\u00e9s confiantes et heureuses. Elles y restent une quinzaine de jours avant de rejoindre la nurserie<\/p>\n\n\n\n<p>Pour tous  renseignements     T\u00e9l :  05 53 58 63 85    ou    06 83 32 67 21  &#8211;                                          Mail : de.luca-josee@orange.fr<\/p>\n\n\n\n<p>NAISSANCES le 1er Ao\u00fbt pour ROSALIE de Montravel &#8211; 4 femelles et 3 m\u00e2les tricolores &#8211; Le p\u00e8re est USCO du domaine des Clayeux.  Plus de chiots disponibles &#8211;<\/p>\n\n\n\n<p><\/p>\n\n\n\n<p><\/p>\n\n\n\n<p><\/p>\n\n\n\n<p><\/p>\n\n\n\n<p><\/p>\n\n\n\n<p><\/p>\n\n\n\n<p><\/p>\n\n\n\n<p><\/p>\n\n\n\n<!-- default-view.php -->\n<div\n\tclass=\"ngg-galleryoverview default-view  ngg-ajax-pagination-none\"\n\tid=\"ngg-gallery-a8d8809d577b18734aad587a856169d0-1\">\n\n\t\t<!-- Thumbnails -->\n\t\t\t\t<div id=\"ngg-image-0\" class=\"ngg-gallery-thumbnail-box \" >\n\t\t\t\t        <div class=\"ngg-gallery-thumbnail\">\n            <a href=\"https:\/\/www.cocker-montravel.com\/wp-content\/uploads\/sites\/1\/nggallery\/chiots-a-vendre-okarina\/2025Chiots-Rosalie3.jpg\"\n               title=\"Les chiots 2 mois\nNE SONT PLUS DISPONIBLES\"\n               data-src=\"https:\/\/www.cocker-montravel.com\/wp-content\/uploads\/sites\/1\/nggallery\/chiots-a-vendre-okarina\/2025Chiots-Rosalie3.jpg\"\n               data-thumbnail=\"https:\/\/www.cocker-montravel.com\/wp-content\/uploads\/sites\/1\/nggallery\/chiots-a-vendre-okarina\/thumbs\/thumbs_2025Chiots-Rosalie3.jpg\"\n               data-image-id=\"4524\"\n               data-title=\"2025\"\n               data-description=\"Les chiots 2 mois\nNE SONT PLUS DISPONIBLES\"\n               data-image-slug=\"2025chiots-rosalie3-1\"\n               class=\"ngg-fancybox\" rel=\"a8d8809d577b18734aad587a856169d0\">\n                <img\n                    title=\"2025\"\n                    alt=\"2025\"\n                    src=\"https:\/\/www.cocker-montravel.com\/wp-content\/uploads\/sites\/1\/nggallery\/chiots-a-vendre-okarina\/thumbs\/thumbs_2025Chiots-Rosalie3.jpg\"\n                    width=\"240\"\n                    height=\"160\"\n                    style=\"max-width:100%;\"\n                \/>\n            <\/a>\n        <\/div>\n\t\t\t\t\t\t\t<\/div> \n\t\t\t\n\t\t\t\t<div id=\"ngg-image-1\" class=\"ngg-gallery-thumbnail-box \" >\n\t\t\t\t        <div class=\"ngg-gallery-thumbnail\">\n            <a href=\"https:\/\/www.cocker-montravel.com\/wp-content\/uploads\/sites\/1\/nggallery\/chiots-a-vendre-okarina\/20250821_091440_resized.jpg\"\n               title=\"2025  14er Ao\u00fct  NAISSANCES DES CHIOTS -  4 Femelles et 3 m\u00e2les tricolores -\"\n               data-src=\"https:\/\/www.cocker-montravel.com\/wp-content\/uploads\/sites\/1\/nggallery\/chiots-a-vendre-okarina\/20250821_091440_resized.jpg\"\n               data-thumbnail=\"https:\/\/www.cocker-montravel.com\/wp-content\/uploads\/sites\/1\/nggallery\/chiots-a-vendre-okarina\/thumbs\/thumbs_20250821_091440_resized.jpg\"\n               data-image-id=\"4426\"\n               data-title=\"2025\"\n               data-description=\"2025  14er Ao\u00fct  NAISSANCES DES CHIOTS -  4 Femelles et 3 m\u00e2les tricolores -\"\n               data-image-slug=\"20250821_091440_resized\"\n               class=\"ngg-fancybox\" rel=\"a8d8809d577b18734aad587a856169d0\">\n                <img\n                    title=\"2025\"\n                    alt=\"2025\"\n                    src=\"https:\/\/www.cocker-montravel.com\/wp-content\/uploads\/sites\/1\/nggallery\/chiots-a-vendre-okarina\/thumbs\/thumbs_20250821_091440_resized.jpg\"\n                    width=\"240\"\n                    height=\"160\"\n                    style=\"max-width:100%;\"\n                \/>\n            <\/a>\n        <\/div>\n\t\t\t\t\t\t\t<\/div> \n\t\t\t\n\t\n\t<br style=\"clear: both\" \/>\n\n\t\t<div class=\"slideshowlink\">\n        <a href='https:\/\/www.cocker-montravel.com\/index.php\/nggallery\/slideshow?page_id=2732'>[Montrer sous forme de diaporama]<\/a>\n\t\t\n\t<\/div>\n\t\n\t\t<!-- Pagination -->\n\t<div class='ngg-clear'><\/div>\t<\/div>\n\n","protected":false},"excerpt":{"rendered":"<p>Mes chiennes mettent bas dans ma chambre o\u00f9 elles sont surveill\u00e9es et calin\u00e9es. Elles profitent pleinement de leurs b\u00e9b\u00e9s confiantes et heureuses. Elles y restent une quinzaine de jours avant de rejoindre la nurserie Pour tous renseignements T\u00e9l : 05 53 58 63 85 ou 06 83 32 67 21 &#8211; Mail : de.luca-josee@orange.fr NAISSANCES &hellip; <\/p>\n<p class=\"link-more\"><a href=\"https:\/\/www.cocker-montravel.com\/?page_id=2732\" class=\"more-link\">Continuer la lecture<span class=\"screen-reader-text\"> de &laquo;&nbsp;Chiots \u00e0 vendre (1) Rosalie&nbsp;&raquo;<\/span><\/a><\/p>\n","protected":false},"author":3,"featured_media":0,"parent":2734,"menu_order":5,"comment_status":"closed","ping_status":"closed","template":"","meta":{"ngg_post_thumbnail":0,"footnotes":""},"_links":{"self":[{"href":"https:\/\/www.cocker-montravel.com\/index.php?rest_route=\/wp\/v2\/pages\/2732"}],"collection":[{"href":"https:\/\/www.cocker-montravel.com\/index.php?rest_route=\/wp\/v2\/pages"}],"about":[{"href":"https:\/\/www.cocker-montravel.com\/index.php?rest_route=\/wp\/v2\/types\/page"}],"author":[{"embeddable":true,"href":"https:\/\/www.cocker-montravel.com\/index.php?rest_route=\/wp\/v2\/users\/3"}],"replies":[{"embeddable":true,"href":"https:\/\/www.cocker-montravel.com\/index.php?rest_route=%2Fwp%2Fv2%2Fcomments&post=2732"}],"version-history":[{"count":71,"href":"https:\/\/www.cocker-montravel.com\/index.php?rest_route=\/wp\/v2\/pages\/2732\/revisions"}],"predecessor-version":[{"id":6345,"href":"https:\/\/www.cocker-montravel.com\/index.php?rest_route=\/wp\/v2\/pages\/2732\/revisions\/6345"}],"up":[{"embeddable":true,"href":"https:\/\/www.cocker-montravel.com\/index.php?rest_route=\/wp\/v2\/pages\/2734"}],"wp:attachment":[{"href":"https:\/\/www.cocker-montravel.com\/index.php?rest_route=%2Fwp%2Fv2%2Fmedia&parent=2732"}],"curies":[{"name":"wp","href":"https:\/\/api.w.org\/{rel}","templated":true}]}}