{"id":1461,"date":"2020-06-03T11:51:55","date_gmt":"2020-06-03T09:51:55","guid":{"rendered":"http:\/\/cocker-montravel.com\/?page_id=1461"},"modified":"2021-01-30T16:48:28","modified_gmt":"2021-01-30T15:48:28","slug":"anciennes-reproductrices","status":"publish","type":"page","link":"https:\/\/www.cocker-montravel.com\/?page_id=1461","title":{"rendered":"Anciennes reproductrices"},"content":{"rendered":"\n<p> Un grand MERCI \u00e0 toutes mes anciennes reproductrices qui ont contribu\u00e9 \u00e0  ce qu&rsquo;est mon \u00e9levage aujourd&rsquo;hui.  Je ne les oublie pas.<\/p>\n\n\n\n<p><\/p>\n\n\n<\/p>\n<h3>D\u00e9couvrez dans le d\u00e9tail :<\/h3>\n<p><ul class=\"\"><li class=\"\"><a class=\"\u00bb\" href=\"https:\/\/www.cocker-montravel.com\/?page_id=1736\" title=\"Josiah\">Josiah<\/a><\/li><li class=\"\"><a class=\"\u00bb\" href=\"https:\/\/www.cocker-montravel.com\/?page_id=1730\" title=\"Utoo\">Utoo<\/a><\/li><li class=\"\"><a class=\"\u00bb\" href=\"https:\/\/www.cocker-montravel.com\/?page_id=1646\" title=\"Hello Ketty\">Hello Ketty<\/a><\/li><li class=\"\"><a class=\"\u00bb\" href=\"https:\/\/www.cocker-montravel.com\/?page_id=1644\" title=\"Faustine\">Faustine<\/a><\/li><li class=\"\"><a class=\"\u00bb\" href=\"https:\/\/www.cocker-montravel.com\/?page_id=1642\" title=\"Blandine\">Blandine<\/a><\/li><li class=\"\"><a class=\"\u00bb\" href=\"https:\/\/www.cocker-montravel.com\/?page_id=1637\" title=\"Callgirl &#038; Ukane\">Callgirl &#038; Ukane<\/a><\/li><\/ul>\n","protected":false},"excerpt":{"rendered":"<p>Un grand MERCI \u00e0 toutes mes anciennes reproductrices qui ont contribu\u00e9 \u00e0 ce qu&rsquo;est mon \u00e9levage aujourd&rsquo;hui. Je ne les oublie pas.<\/p>\n","protected":false},"author":3,"featured_media":0,"parent":147,"menu_order":0,"comment_status":"closed","ping_status":"closed","template":"","meta":{"ngg_post_thumbnail":0,"footnotes":""},"_links":{"self":[{"href":"https:\/\/www.cocker-montravel.com\/index.php?rest_route=\/wp\/v2\/pages\/1461"}],"collection":[{"href":"https:\/\/www.cocker-montravel.com\/index.php?rest_route=\/wp\/v2\/pages"}],"about":[{"href":"https:\/\/www.cocker-montravel.com\/index.php?rest_route=\/wp\/v2\/types\/page"}],"author":[{"embeddable":true,"href":"https:\/\/www.cocker-montravel.com\/index.php?rest_route=\/wp\/v2\/users\/3"}],"replies":[{"embeddable":true,"href":"https:\/\/www.cocker-montravel.com\/index.php?rest_route=%2Fwp%2Fv2%2Fcomments&post=1461"}],"version-history":[{"count":4,"href":"https:\/\/www.cocker-montravel.com\/index.php?rest_route=\/wp\/v2\/pages\/1461\/revisions"}],"predecessor-version":[{"id":2449,"href":"https:\/\/www.cocker-montravel.com\/index.php?rest_route=\/wp\/v2\/pages\/1461\/revisions\/2449"}],"up":[{"embeddable":true,"href":"https:\/\/www.cocker-montravel.com\/index.php?rest_route=\/wp\/v2\/pages\/147"}],"wp:attachment":[{"href":"https:\/\/www.cocker-montravel.com\/index.php?rest_route=%2Fwp%2Fv2%2Fmedia&parent=1461"}],"curies":[{"name":"wp","href":"https:\/\/api.w.org\/{rel}","templated":true}]}}