{"id":1452,"date":"2020-06-03T11:47:49","date_gmt":"2020-06-03T09:47:49","guid":{"rendered":"http:\/\/cocker-montravel.com\/?page_id=1452"},"modified":"2024-11-07T15:05:47","modified_gmt":"2024-11-07T14:05:47","slug":"agility","status":"publish","type":"page","link":"https:\/\/www.cocker-montravel.com\/?page_id=1452","title":{"rendered":"Agility"},"content":{"rendered":"\n<!-- default-view.php -->\n<div\n\tclass=\"ngg-galleryoverview default-view  ngg-ajax-pagination-none\"\n\tid=\"ngg-gallery-c69ea432e64fae1dd89415c148fe50f4-1\">\n\n\t\t<!-- Thumbnails -->\n\t\t\t\t<div id=\"ngg-image-0\" class=\"ngg-gallery-thumbnail-box \" >\n\t\t\t\t        <div class=\"ngg-gallery-thumbnail\">\n            <a href=\"https:\/\/www.cocker-montravel.com\/wp-content\/uploads\/sites\/1\/nggallery\/gallerie-49\/20200417-Merlin.jpg\"\n               title=\"MERLIN de MONTRAVEL. M\u00e2le tricolore mouchet\u00e9. n\u00e9 en septembre 2016\nParents : Faustine de Montravel et Earlgrey du domaine de Makno..\nTr\u00e8s beau m\u00e2le, tr\u00e8s sportif.\"\n               data-src=\"https:\/\/www.cocker-montravel.com\/wp-content\/uploads\/sites\/1\/nggallery\/gallerie-49\/20200417-Merlin.jpg\"\n               data-thumbnail=\"https:\/\/www.cocker-montravel.com\/wp-content\/uploads\/sites\/1\/nggallery\/gallerie-49\/thumbs\/thumbs_20200417-Merlin.jpg\"\n               data-image-id=\"1674\"\n               data-title=\"Merlin\"\n               data-description=\"MERLIN de MONTRAVEL. M\u00e2le tricolore mouchet\u00e9. n\u00e9 en septembre 2016\nParents : Faustine de Montravel et Earlgrey du domaine de Makno..\nTr\u00e8s beau m\u00e2le, tr\u00e8s sportif.\"\n               data-image-slug=\"20200417-merlin-1\"\n               class=\"ngg-fancybox\" rel=\"c69ea432e64fae1dd89415c148fe50f4\">\n                <img\n                    title=\"Merlin\"\n                    alt=\"Merlin\"\n                    src=\"https:\/\/www.cocker-montravel.com\/wp-content\/uploads\/sites\/1\/nggallery\/gallerie-49\/thumbs\/thumbs_20200417-Merlin.jpg\"\n                    width=\"240\"\n                    height=\"160\"\n                    style=\"max-width:100%;\"\n                \/>\n            <\/a>\n        <\/div>\n\t\t\t\t\t\t\t<\/div> \n\t\t\t\n\t\t\t\t<div id=\"ngg-image-1\" class=\"ngg-gallery-thumbnail-box \" >\n\t\t\t\t        <div class=\"ngg-gallery-thumbnail\">\n            <a href=\"https:\/\/www.cocker-montravel.com\/wp-content\/uploads\/sites\/1\/nggallery\/gallerie-49\/2019-Agility.jpg\"\n               title=\"MERLIN et ses r\u00e9compenses au concours d&#039;octobre 2019\"\n               data-src=\"https:\/\/www.cocker-montravel.com\/wp-content\/uploads\/sites\/1\/nggallery\/gallerie-49\/2019-Agility.jpg\"\n               data-thumbnail=\"https:\/\/www.cocker-montravel.com\/wp-content\/uploads\/sites\/1\/nggallery\/gallerie-49\/thumbs\/thumbs_2019-Agility.jpg\"\n               data-image-id=\"774\"\n               data-title=\"MERLIN\"\n               data-description=\"MERLIN et ses r\u00e9compenses au concours d&#039;octobre 2019\"\n               data-image-slug=\"2019-agility-2\"\n               class=\"ngg-fancybox\" rel=\"c69ea432e64fae1dd89415c148fe50f4\">\n                <img\n                    title=\"MERLIN\"\n                    alt=\"MERLIN\"\n                    src=\"https:\/\/www.cocker-montravel.com\/wp-content\/uploads\/sites\/1\/nggallery\/gallerie-49\/thumbs\/thumbs_2019-Agility.jpg\"\n                    width=\"240\"\n                    height=\"160\"\n                    style=\"max-width:100%;\"\n                \/>\n            <\/a>\n        <\/div>\n\t\t\t\t\t\t\t<\/div> \n\t\t\t\n\t\t\t\t<div id=\"ngg-image-2\" class=\"ngg-gallery-thumbnail-box \" >\n\t\t\t\t        <div class=\"ngg-gallery-thumbnail\">\n            <a href=\"https:\/\/www.cocker-montravel.com\/wp-content\/uploads\/sites\/1\/nggallery\/gallerie-49\/FB_IMG_15715990217141.jpg\"\n               title=\"MERLIN  en concours\"\n               data-src=\"https:\/\/www.cocker-montravel.com\/wp-content\/uploads\/sites\/1\/nggallery\/gallerie-49\/FB_IMG_15715990217141.jpg\"\n               data-thumbnail=\"https:\/\/www.cocker-montravel.com\/wp-content\/uploads\/sites\/1\/nggallery\/gallerie-49\/thumbs\/thumbs_FB_IMG_15715990217141.jpg\"\n               data-image-id=\"772\"\n               data-title=\"Merlin  en Agility.\"\n               data-description=\"MERLIN  en concours\"\n               data-image-slug=\"fb_img_15715990217141-1\"\n               class=\"ngg-fancybox\" rel=\"c69ea432e64fae1dd89415c148fe50f4\">\n                <img\n                    title=\"Merlin  en Agility.\"\n                    alt=\"Merlin  en Agility.\"\n                    src=\"https:\/\/www.cocker-montravel.com\/wp-content\/uploads\/sites\/1\/nggallery\/gallerie-49\/thumbs\/thumbs_FB_IMG_15715990217141.jpg\"\n                    width=\"240\"\n                    height=\"160\"\n                    style=\"max-width:100%;\"\n                \/>\n            <\/a>\n        <\/div>\n\t\t\t\t\t\t\t<\/div> \n\t\t\t\n\t\t\t\t<div id=\"ngg-image-3\" class=\"ngg-gallery-thumbnail-box \" >\n\t\t\t\t        <div class=\"ngg-gallery-thumbnail\">\n            <a href=\"https:\/\/www.cocker-montravel.com\/wp-content\/uploads\/sites\/1\/nggallery\/gallerie-49\/2019-04-07-Merlin-ae.jpg\"\n               title=\"MERLIN  en  concours\"\n               data-src=\"https:\/\/www.cocker-montravel.com\/wp-content\/uploads\/sites\/1\/nggallery\/gallerie-49\/2019-04-07-Merlin-ae.jpg\"\n               data-thumbnail=\"https:\/\/www.cocker-montravel.com\/wp-content\/uploads\/sites\/1\/nggallery\/gallerie-49\/thumbs\/thumbs_2019-04-07-Merlin-ae.jpg\"\n               data-image-id=\"1508\"\n               data-title=\"MERLIN\"\n               data-description=\"MERLIN  en  concours\"\n               data-image-slug=\"2019-04-07-merlin-ae-1\"\n               class=\"ngg-fancybox\" rel=\"c69ea432e64fae1dd89415c148fe50f4\">\n                <img\n                    title=\"MERLIN\"\n                    alt=\"MERLIN\"\n                    src=\"https:\/\/www.cocker-montravel.com\/wp-content\/uploads\/sites\/1\/nggallery\/gallerie-49\/thumbs\/thumbs_2019-04-07-Merlin-ae.jpg\"\n                    width=\"240\"\n                    height=\"160\"\n                    style=\"max-width:100%;\"\n                \/>\n            <\/a>\n        <\/div>\n\t\t\t\t\t\t\t<\/div> \n\t\t\t\n\t\t\t\t<div id=\"ngg-image-4\" class=\"ngg-gallery-thumbnail-box \" >\n\t\t\t\t        <div class=\"ngg-gallery-thumbnail\">\n            <a href=\"https:\/\/www.cocker-montravel.com\/wp-content\/uploads\/sites\/1\/nggallery\/gallerie-49\/2019-04-07-Merlin.jpg\"\n               title=\"2019 MERLIN en concours\"\n               data-src=\"https:\/\/www.cocker-montravel.com\/wp-content\/uploads\/sites\/1\/nggallery\/gallerie-49\/2019-04-07-Merlin.jpg\"\n               data-thumbnail=\"https:\/\/www.cocker-montravel.com\/wp-content\/uploads\/sites\/1\/nggallery\/gallerie-49\/thumbs\/thumbs_2019-04-07-Merlin.jpg\"\n               data-image-id=\"1509\"\n               data-title=\"MERLIN\"\n               data-description=\"2019 MERLIN en concours\"\n               data-image-slug=\"2019-04-07-merlin-1\"\n               class=\"ngg-fancybox\" rel=\"c69ea432e64fae1dd89415c148fe50f4\">\n                <img\n                    title=\"MERLIN\"\n                    alt=\"MERLIN\"\n                    src=\"https:\/\/www.cocker-montravel.com\/wp-content\/uploads\/sites\/1\/nggallery\/gallerie-49\/thumbs\/thumbs_2019-04-07-Merlin.jpg\"\n                    width=\"240\"\n                    height=\"160\"\n                    style=\"max-width:100%;\"\n                \/>\n            <\/a>\n        <\/div>\n\t\t\t\t\t\t\t<\/div> \n\t\t\t\n\t\t\t\t<div id=\"ngg-image-5\" class=\"ngg-gallery-thumbnail-box \" >\n\t\t\t\t        <div class=\"ngg-gallery-thumbnail\">\n            <a href=\"https:\/\/www.cocker-montravel.com\/wp-content\/uploads\/sites\/1\/nggallery\/gallerie-49\/20201018-Merlin.jpg\"\n               title=\"Merlin en promenade\"\n               data-src=\"https:\/\/www.cocker-montravel.com\/wp-content\/uploads\/sites\/1\/nggallery\/gallerie-49\/20201018-Merlin.jpg\"\n               data-thumbnail=\"https:\/\/www.cocker-montravel.com\/wp-content\/uploads\/sites\/1\/nggallery\/gallerie-49\/thumbs\/thumbs_20201018-Merlin.jpg\"\n               data-image-id=\"1667\"\n               data-title=\"Merlin\"\n               data-description=\"Merlin en promenade\"\n               data-image-slug=\"20201018-merlin\"\n               class=\"ngg-fancybox\" rel=\"c69ea432e64fae1dd89415c148fe50f4\">\n                <img\n                    title=\"Merlin\"\n                    alt=\"Merlin\"\n                    src=\"https:\/\/www.cocker-montravel.com\/wp-content\/uploads\/sites\/1\/nggallery\/gallerie-49\/thumbs\/thumbs_20201018-Merlin.jpg\"\n                    width=\"240\"\n                    height=\"160\"\n                    style=\"max-width:100%;\"\n                \/>\n            <\/a>\n        <\/div>\n\t\t\t\t\t\t\t<\/div> \n\t\t\t\n\t\t\t\t<div id=\"ngg-image-6\" class=\"ngg-gallery-thumbnail-box \" >\n\t\t\t\t        <div class=\"ngg-gallery-thumbnail\">\n            <a href=\"https:\/\/www.cocker-montravel.com\/wp-content\/uploads\/sites\/1\/nggallery\/gallerie-49\/2020-01-01_215908.jpg\"\n               title=\"2020  MERLIN.\n&quot;Je suis ma ma\u00eetresse partout, je suis tr\u00e8s sportif et en Corse je suis g\u00e2t\u00e9.\"\n               data-src=\"https:\/\/www.cocker-montravel.com\/wp-content\/uploads\/sites\/1\/nggallery\/gallerie-49\/2020-01-01_215908.jpg\"\n               data-thumbnail=\"https:\/\/www.cocker-montravel.com\/wp-content\/uploads\/sites\/1\/nggallery\/gallerie-49\/thumbs\/thumbs_2020-01-01_215908.jpg\"\n               data-image-id=\"1514\"\n               data-title=\"MERLIN\"\n               data-description=\"2020  MERLIN.\n&quot;Je suis ma ma\u00eetresse partout, je suis tr\u00e8s sportif et en Corse je suis g\u00e2t\u00e9.\"\n               data-image-slug=\"2020-01-01_215908\"\n               class=\"ngg-fancybox\" rel=\"c69ea432e64fae1dd89415c148fe50f4\">\n                <img\n                    title=\"MERLIN\"\n                    alt=\"MERLIN\"\n                    src=\"https:\/\/www.cocker-montravel.com\/wp-content\/uploads\/sites\/1\/nggallery\/gallerie-49\/thumbs\/thumbs_2020-01-01_215908.jpg\"\n                    width=\"240\"\n                    height=\"160\"\n                    style=\"max-width:100%;\"\n                \/>\n            <\/a>\n        <\/div>\n\t\t\t\t\t\t\t<\/div> \n\t\t\t\n\t\t\t\t<div id=\"ngg-image-7\" class=\"ngg-gallery-thumbnail-box \" >\n\t\t\t\t        <div class=\"ngg-gallery-thumbnail\">\n            <a href=\"https:\/\/www.cocker-montravel.com\/wp-content\/uploads\/sites\/1\/nggallery\/gallerie-49\/Resized-Merlin.jpg\"\n               title=\"MERLIN en escalade.\n&quot; Montagne,  neige , maquis,  mer,  je ne quitte pas ma maitresse ..... je  suis HEUREUX !\"\n               data-src=\"https:\/\/www.cocker-montravel.com\/wp-content\/uploads\/sites\/1\/nggallery\/gallerie-49\/Resized-Merlin.jpg\"\n               data-thumbnail=\"https:\/\/www.cocker-montravel.com\/wp-content\/uploads\/sites\/1\/nggallery\/gallerie-49\/thumbs\/thumbs_Resized-Merlin.jpg\"\n               data-image-id=\"1515\"\n               data-title=\"MERLIN\"\n               data-description=\"MERLIN en escalade.\n&quot; Montagne,  neige , maquis,  mer,  je ne quitte pas ma maitresse ..... je  suis HEUREUX !\"\n               data-image-slug=\"resized-merlin\"\n               class=\"ngg-fancybox\" rel=\"c69ea432e64fae1dd89415c148fe50f4\">\n                <img\n                    title=\"MERLIN\"\n                    alt=\"MERLIN\"\n                    src=\"https:\/\/www.cocker-montravel.com\/wp-content\/uploads\/sites\/1\/nggallery\/gallerie-49\/thumbs\/thumbs_Resized-Merlin.jpg\"\n                    width=\"240\"\n                    height=\"160\"\n                    style=\"max-width:100%;\"\n                \/>\n            <\/a>\n        <\/div>\n\t\t\t\t\t\t\t<\/div> \n\t\t\t\n\t\t\t\t<div id=\"ngg-image-8\" class=\"ngg-gallery-thumbnail-box \" >\n\t\t\t\t        <div class=\"ngg-gallery-thumbnail\">\n            <a href=\"https:\/\/www.cocker-montravel.com\/wp-content\/uploads\/sites\/1\/nggallery\/gallerie-49\/Merlin-neige.jpg\"\n               title=\"MERLIN  et la neige\"\n               data-src=\"https:\/\/www.cocker-montravel.com\/wp-content\/uploads\/sites\/1\/nggallery\/gallerie-49\/Merlin-neige.jpg\"\n               data-thumbnail=\"https:\/\/www.cocker-montravel.com\/wp-content\/uploads\/sites\/1\/nggallery\/gallerie-49\/thumbs\/thumbs_Merlin-neige.jpg\"\n               data-image-id=\"4891\"\n               data-title=\"Merlin\"\n               data-description=\"MERLIN  et la neige\"\n               data-image-slug=\"merlin-neige\"\n               class=\"ngg-fancybox\" rel=\"c69ea432e64fae1dd89415c148fe50f4\">\n                <img\n                    title=\"Merlin\"\n                    alt=\"Merlin\"\n                    src=\"https:\/\/www.cocker-montravel.com\/wp-content\/uploads\/sites\/1\/nggallery\/gallerie-49\/thumbs\/thumbs_Merlin-neige.jpg\"\n                    width=\"240\"\n                    height=\"160\"\n                    style=\"max-width:100%;\"\n                \/>\n            <\/a>\n        <\/div>\n\t\t\t\t\t\t\t<\/div> \n\t\t\t\n\t\t\t\t<div id=\"ngg-image-9\" class=\"ngg-gallery-thumbnail-box \" >\n\t\t\t\t        <div class=\"ngg-gallery-thumbnail\">\n            <a href=\"https:\/\/www.cocker-montravel.com\/wp-content\/uploads\/sites\/1\/nggallery\/gallerie-49\/2018-07-25_202421_148.jpg\"\n               title=\"MERLIN  dans les montagnes Corses\"\n               data-src=\"https:\/\/www.cocker-montravel.com\/wp-content\/uploads\/sites\/1\/nggallery\/gallerie-49\/2018-07-25_202421_148.jpg\"\n               data-thumbnail=\"https:\/\/www.cocker-montravel.com\/wp-content\/uploads\/sites\/1\/nggallery\/gallerie-49\/thumbs\/thumbs_2018-07-25_202421_148.jpg\"\n               data-image-id=\"1512\"\n               data-title=\"MERLIN\"\n               data-description=\"MERLIN  dans les montagnes Corses\"\n               data-image-slug=\"2018-07-25_202421_148\"\n               class=\"ngg-fancybox\" rel=\"c69ea432e64fae1dd89415c148fe50f4\">\n                <img\n                    title=\"MERLIN\"\n                    alt=\"MERLIN\"\n                    src=\"https:\/\/www.cocker-montravel.com\/wp-content\/uploads\/sites\/1\/nggallery\/gallerie-49\/thumbs\/thumbs_2018-07-25_202421_148.jpg\"\n                    width=\"240\"\n                    height=\"160\"\n                    style=\"max-width:100%;\"\n                \/>\n            <\/a>\n        <\/div>\n\t\t\t\t\t\t\t<\/div> \n\t\t\t\n\t\t\t\t<div id=\"ngg-image-10\" class=\"ngg-gallery-thumbnail-box \" >\n\t\t\t\t        <div class=\"ngg-gallery-thumbnail\">\n            <a href=\"https:\/\/www.cocker-montravel.com\/wp-content\/uploads\/sites\/1\/nggallery\/gallerie-49\/Bahia-4.jpg\"\n               title=\"BAHIA championne Agility et Ob\u00e9rythm\u00e9e\"\n               data-src=\"https:\/\/www.cocker-montravel.com\/wp-content\/uploads\/sites\/1\/nggallery\/gallerie-49\/Bahia-4.jpg\"\n               data-thumbnail=\"https:\/\/www.cocker-montravel.com\/wp-content\/uploads\/sites\/1\/nggallery\/gallerie-49\/thumbs\/thumbs_Bahia-4.jpg\"\n               data-image-id=\"261\"\n               data-title=\"Bahia\"\n               data-description=\"BAHIA championne Agility et Ob\u00e9rythm\u00e9e\"\n               data-image-slug=\"bahia-4-1\"\n               class=\"ngg-fancybox\" rel=\"c69ea432e64fae1dd89415c148fe50f4\">\n                <img\n                    title=\"Bahia\"\n                    alt=\"Bahia\"\n                    src=\"https:\/\/www.cocker-montravel.com\/wp-content\/uploads\/sites\/1\/nggallery\/gallerie-49\/thumbs\/thumbs_Bahia-4.jpg\"\n                    width=\"240\"\n                    height=\"160\"\n                    style=\"max-width:100%;\"\n                \/>\n            <\/a>\n        <\/div>\n\t\t\t\t\t\t\t<\/div> \n\t\t\t\n\t\t\t\t<div id=\"ngg-image-11\" class=\"ngg-gallery-thumbnail-box \" >\n\t\t\t\t        <div class=\"ngg-gallery-thumbnail\">\n            <a href=\"https:\/\/www.cocker-montravel.com\/wp-content\/uploads\/sites\/1\/nggallery\/gallerie-49\/Avignon-Ob%C3%A9-3.jpg\"\n               title=\"BAHIA  Championne de France en ob\u00e9rythm\u00e9e.\"\n               data-src=\"https:\/\/www.cocker-montravel.com\/wp-content\/uploads\/sites\/1\/nggallery\/gallerie-49\/Avignon-Ob%C3%A9-3.jpg\"\n               data-thumbnail=\"https:\/\/www.cocker-montravel.com\/wp-content\/uploads\/sites\/1\/nggallery\/gallerie-49\/thumbs\/thumbs_Avignon-Ob%C3%A9-3.jpg\"\n               data-image-id=\"258\"\n               data-title=\"Bahia en Ob\u00e9rythm\u00e9e\"\n               data-description=\"BAHIA  Championne de France en ob\u00e9rythm\u00e9e.\"\n               data-image-slug=\"avignon-ob%c3%a9-3\"\n               class=\"ngg-fancybox\" rel=\"c69ea432e64fae1dd89415c148fe50f4\">\n                <img\n                    title=\"Bahia en Ob\u00e9rythm\u00e9e\"\n                    alt=\"Bahia en Ob\u00e9rythm\u00e9e\"\n                    src=\"https:\/\/www.cocker-montravel.com\/wp-content\/uploads\/sites\/1\/nggallery\/gallerie-49\/thumbs\/thumbs_Avignon-Ob%C3%A9-3.jpg\"\n                    width=\"240\"\n                    height=\"160\"\n                    style=\"max-width:100%;\"\n                \/>\n            <\/a>\n        <\/div>\n\t\t\t\t\t\t\t<\/div> \n\t\t\t\n\t\t\t\t<div id=\"ngg-image-12\" class=\"ngg-gallery-thumbnail-box \" >\n\t\t\t\t        <div class=\"ngg-gallery-thumbnail\">\n            <a href=\"https:\/\/www.cocker-montravel.com\/wp-content\/uploads\/sites\/1\/nggallery\/gallerie-49\/Avignon-Ob%C3%A9-1.jpg\"\n               title=\"BAHIA  en Ob\u00e9rythm\u00e9e\"\n               data-src=\"https:\/\/www.cocker-montravel.com\/wp-content\/uploads\/sites\/1\/nggallery\/gallerie-49\/Avignon-Ob%C3%A9-1.jpg\"\n               data-thumbnail=\"https:\/\/www.cocker-montravel.com\/wp-content\/uploads\/sites\/1\/nggallery\/gallerie-49\/thumbs\/thumbs_Avignon-Ob%C3%A9-1.jpg\"\n               data-image-id=\"259\"\n               data-title=\"Bahia en Ob\u00e9rythm\u00e9e\"\n               data-description=\"BAHIA  en Ob\u00e9rythm\u00e9e\"\n               data-image-slug=\"avignon-ob%c3%a9-1\"\n               class=\"ngg-fancybox\" rel=\"c69ea432e64fae1dd89415c148fe50f4\">\n                <img\n                    title=\"Bahia en Ob\u00e9rythm\u00e9e\"\n                    alt=\"Bahia en Ob\u00e9rythm\u00e9e\"\n                    src=\"https:\/\/www.cocker-montravel.com\/wp-content\/uploads\/sites\/1\/nggallery\/gallerie-49\/thumbs\/thumbs_Avignon-Ob%C3%A9-1.jpg\"\n                    width=\"240\"\n                    height=\"160\"\n                    style=\"max-width:100%;\"\n                \/>\n            <\/a>\n        <\/div>\n\t\t\t\t\t\t\t<\/div> \n\t\t\t\n\t\t\t\t<div id=\"ngg-image-13\" class=\"ngg-gallery-thumbnail-box \" >\n\t\t\t\t        <div class=\"ngg-gallery-thumbnail\">\n            <a href=\"https:\/\/www.cocker-montravel.com\/wp-content\/uploads\/sites\/1\/nggallery\/gallerie-49\/Avignon-Ob%C3%A9-4.jpg\"\n               title=\"BAHIA en Ob\u00e9rythm\u00e9e\"\n               data-src=\"https:\/\/www.cocker-montravel.com\/wp-content\/uploads\/sites\/1\/nggallery\/gallerie-49\/Avignon-Ob%C3%A9-4.jpg\"\n               data-thumbnail=\"https:\/\/www.cocker-montravel.com\/wp-content\/uploads\/sites\/1\/nggallery\/gallerie-49\/thumbs\/thumbs_Avignon-Ob%C3%A9-4.jpg\"\n               data-image-id=\"260\"\n               data-title=\"Bahia en Ob\u00e9rythm\u00e9e\"\n               data-description=\"BAHIA en Ob\u00e9rythm\u00e9e\"\n               data-image-slug=\"avignon-ob%c3%a9-4\"\n               class=\"ngg-fancybox\" rel=\"c69ea432e64fae1dd89415c148fe50f4\">\n                <img\n                    title=\"Bahia en Ob\u00e9rythm\u00e9e\"\n                    alt=\"Bahia en Ob\u00e9rythm\u00e9e\"\n                    src=\"https:\/\/www.cocker-montravel.com\/wp-content\/uploads\/sites\/1\/nggallery\/gallerie-49\/thumbs\/thumbs_Avignon-Ob%C3%A9-4.jpg\"\n                    width=\"240\"\n                    height=\"160\"\n                    style=\"max-width:100%;\"\n                \/>\n            <\/a>\n        <\/div>\n\t\t\t\t\t\t\t<\/div> \n\t\t\t\n\t\t\t\t<div id=\"ngg-image-14\" class=\"ngg-gallery-thumbnail-box \" >\n\t\t\t\t        <div class=\"ngg-gallery-thumbnail\">\n            <a href=\"https:\/\/www.cocker-montravel.com\/wp-content\/uploads\/sites\/1\/nggallery\/gallerie-49\/Agility-2.jpg\"\n               title=\"BAHIA  Femelle tricolore noire et blanche.\nParents : Utoo et Ustinov de Montravel.\nChampionne d&#039;Agility.\"\n               data-src=\"https:\/\/www.cocker-montravel.com\/wp-content\/uploads\/sites\/1\/nggallery\/gallerie-49\/Agility-2.jpg\"\n               data-thumbnail=\"https:\/\/www.cocker-montravel.com\/wp-content\/uploads\/sites\/1\/nggallery\/gallerie-49\/thumbs\/thumbs_Agility-2.jpg\"\n               data-image-id=\"257\"\n               data-title=\"Bahia de Montravel en Agility\"\n               data-description=\"BAHIA  Femelle tricolore noire et blanche.\nParents : Utoo et Ustinov de Montravel.\nChampionne d&#039;Agility.\"\n               data-image-slug=\"agility-2\"\n               class=\"ngg-fancybox\" rel=\"c69ea432e64fae1dd89415c148fe50f4\">\n                <img\n                    title=\"Bahia de Montravel en Agility\"\n                    alt=\"Bahia de Montravel en Agility\"\n                    src=\"https:\/\/www.cocker-montravel.com\/wp-content\/uploads\/sites\/1\/nggallery\/gallerie-49\/thumbs\/thumbs_Agility-2.jpg\"\n                    width=\"240\"\n                    height=\"160\"\n                    style=\"max-width:100%;\"\n                \/>\n            <\/a>\n        <\/div>\n\t\t\t\t\t\t\t<\/div> \n\t\t\t\n\t\t\t\t<div id=\"ngg-image-15\" class=\"ngg-gallery-thumbnail-box \" >\n\t\t\t\t        <div class=\"ngg-gallery-thumbnail\">\n            <a href=\"https:\/\/www.cocker-montravel.com\/wp-content\/uploads\/sites\/1\/nggallery\/gallerie-49\/Bahia-Chamionne-de-France-2012.jpg\"\n               title=\"BAHIA championne de France 2012\"\n               data-src=\"https:\/\/www.cocker-montravel.com\/wp-content\/uploads\/sites\/1\/nggallery\/gallerie-49\/Bahia-Chamionne-de-France-2012.jpg\"\n               data-thumbnail=\"https:\/\/www.cocker-montravel.com\/wp-content\/uploads\/sites\/1\/nggallery\/gallerie-49\/thumbs\/thumbs_Bahia-Chamionne-de-France-2012.jpg\"\n               data-image-id=\"262\"\n               data-title=\"Bahia-Chamionne-de-France-2012\"\n               data-description=\"BAHIA championne de France 2012\"\n               data-image-slug=\"bahia-chamionne-de-france-2012\"\n               class=\"ngg-fancybox\" rel=\"c69ea432e64fae1dd89415c148fe50f4\">\n                <img\n                    title=\"Bahia-Chamionne-de-France-2012\"\n                    alt=\"Bahia-Chamionne-de-France-2012\"\n                    src=\"https:\/\/www.cocker-montravel.com\/wp-content\/uploads\/sites\/1\/nggallery\/gallerie-49\/thumbs\/thumbs_Bahia-Chamionne-de-France-2012.jpg\"\n                    width=\"240\"\n                    height=\"160\"\n                    style=\"max-width:100%;\"\n                \/>\n            <\/a>\n        <\/div>\n\t\t\t\t\t\t\t<\/div> \n\t\t\t\n\t\t\t\t<div id=\"ngg-image-16\" class=\"ngg-gallery-thumbnail-box \" >\n\t\t\t\t        <div class=\"ngg-gallery-thumbnail\">\n            <a href=\"https:\/\/www.cocker-montravel.com\/wp-content\/uploads\/sites\/1\/nggallery\/gallerie-49\/Bahia-concours-ob%C3%A9rythm%C3%A9e.jpg\"\n               title=\"BAHIA\"\n               data-src=\"https:\/\/www.cocker-montravel.com\/wp-content\/uploads\/sites\/1\/nggallery\/gallerie-49\/Bahia-concours-ob%C3%A9rythm%C3%A9e.jpg\"\n               data-thumbnail=\"https:\/\/www.cocker-montravel.com\/wp-content\/uploads\/sites\/1\/nggallery\/gallerie-49\/thumbs\/thumbs_Bahia-concours-ob%C3%A9rythm%C3%A9e.jpg\"\n               data-image-id=\"263\"\n               data-title=\"Bahia-concours-ob\u00e9rythm\u00e9e\"\n               data-description=\"BAHIA\"\n               data-image-slug=\"bahia-concours-ob%c3%a9rythm%c3%a9e\"\n               class=\"ngg-fancybox\" rel=\"c69ea432e64fae1dd89415c148fe50f4\">\n                <img\n                    title=\"Bahia-concours-ob\u00e9rythm\u00e9e\"\n                    alt=\"Bahia-concours-ob\u00e9rythm\u00e9e\"\n                    src=\"https:\/\/www.cocker-montravel.com\/wp-content\/uploads\/sites\/1\/nggallery\/gallerie-49\/thumbs\/thumbs_Bahia-concours-ob%C3%A9rythm%C3%A9e.jpg\"\n                    width=\"240\"\n                    height=\"160\"\n                    style=\"max-width:100%;\"\n                \/>\n            <\/a>\n        <\/div>\n\t\t\t\t\t\t\t<\/div> \n\t\t\t\n\t\n\t<br style=\"clear: both\" \/>\n\n\t\t<div class=\"slideshowlink\">\n        <a href='https:\/\/www.cocker-montravel.com\/index.php\/nggallery\/slideshow?page_id=1452'>[Montrer sous forme de diaporama]<\/a>\n\t\t\n\t<\/div>\n\t\n\t\t<!-- Pagination -->\n\t<div class='ngg-clear'><\/div>\t<\/div>\n\n\n\n\n<ul>\n<li>BAHIA de MONTRAVEL femelle tricolore noire et blanche.<\/li>\n\n\n\n<li>Championne de France en AGILITY et en OBERYTHMEE.<\/li>\n\n\n\n<li>Parents : UTOO et USTINOV  de Montravel<\/li>\n\n\n\n<li>MERLIN de MONTRAVEL m\u00e2le tricolore mouchet\u00e9  en concours d&rsquo;AGILITY en Corse. <\/li>\n\n\n\n<li>Parents :  FAUSTINE de Montravel et EARLGREY du domaine de Makno.<\/li>\n<\/ul>\n","protected":false},"excerpt":{"rendered":"","protected":false},"author":3,"featured_media":0,"parent":156,"menu_order":0,"comment_status":"closed","ping_status":"closed","template":"","meta":{"ngg_post_thumbnail":0,"footnotes":""},"_links":{"self":[{"href":"https:\/\/www.cocker-montravel.com\/index.php?rest_route=\/wp\/v2\/pages\/1452"}],"collection":[{"href":"https:\/\/www.cocker-montravel.com\/index.php?rest_route=\/wp\/v2\/pages"}],"about":[{"href":"https:\/\/www.cocker-montravel.com\/index.php?rest_route=\/wp\/v2\/types\/page"}],"author":[{"embeddable":true,"href":"https:\/\/www.cocker-montravel.com\/index.php?rest_route=\/wp\/v2\/users\/3"}],"replies":[{"embeddable":true,"href":"https:\/\/www.cocker-montravel.com\/index.php?rest_route=%2Fwp%2Fv2%2Fcomments&post=1452"}],"version-history":[{"count":7,"href":"https:\/\/www.cocker-montravel.com\/index.php?rest_route=\/wp\/v2\/pages\/1452\/revisions"}],"predecessor-version":[{"id":5298,"href":"https:\/\/www.cocker-montravel.com\/index.php?rest_route=\/wp\/v2\/pages\/1452\/revisions\/5298"}],"up":[{"embeddable":true,"href":"https:\/\/www.cocker-montravel.com\/index.php?rest_route=\/wp\/v2\/pages\/156"}],"wp:attachment":[{"href":"https:\/\/www.cocker-montravel.com\/index.php?rest_route=%2Fwp%2Fv2%2Fmedia&parent=1452"}],"curies":[{"name":"wp","href":"https:\/\/api.w.org\/{rel}","templated":true}]}}