{"id":1448,"date":"2020-06-03T11:46:44","date_gmt":"2020-06-03T09:46:44","guid":{"rendered":"http:\/\/cocker-montravel.com\/?page_id=1448"},"modified":"2021-07-11T04:31:52","modified_gmt":"2021-07-11T02:31:52","slug":"fersen-de-montravel","status":"publish","type":"page","link":"https:\/\/www.cocker-montravel.com\/?page_id=1448","title":{"rendered":"FERSEN de Montravel"},"content":{"rendered":"\n<p>FERSEN de MONTRAVEL a fait de nombreux concours pr\u00e9sent\u00e9 par sa maitresse Marie Christine Jeanjot. Il a \u00e9t\u00e9 de nombreuses fois prim\u00e9. Quelques photos ci-dessous et son palmar\u00e8s.      42  CACS  dont 3 en sp\u00e9ciale de Race.    14 RCAC .    6 fois meilleur de race.                                     2  fois Excellent en Nationale d&rsquo;\u00e9levage \u00e0 Montlu\u00e7on en 2015 et en 2016.                                      Excellent au championnat de France \u00e0 Dijon en 2015                                                                    Excellent au championnat de France \u00e0 Metz en 2016.                                                                                                      En 2019 pr\u00e9sent\u00e9 en v\u00e9t\u00e9ran :  2 fois 1er excellent  Sorges et \u00e0 Tarbes.                                                      et 2 fois Meilleur de race le samedi en CAC et le dimanche en CACIB  \u00e0 Nantes.                     <\/p>\n\n\n\n<p><\/p>\n\n\n\n<p>                                                                                      <\/p>\n\n\n\n<!-- default-view.php -->\n<div\n\tclass=\"ngg-galleryoverview default-view  ngg-ajax-pagination-none\"\n\tid=\"ngg-gallery-ac4682af9f90aca14168c13c166d9e8c-1\">\n\n\t\t<!-- Thumbnails -->\n\t\t\t\t<div id=\"ngg-image-0\" class=\"ngg-gallery-thumbnail-box \" >\n\t\t\t\t        <div class=\"ngg-gallery-thumbnail\">\n            <a href=\"https:\/\/www.cocker-montravel.com\/wp-content\/uploads\/sites\/1\/nggallery\/gallerie-39\/St-Girons-CAC.jpg\"\n               title=\"FERSEN  Tr\u00e8s beau chien \u00e0 MC Jeanjot.  Parents :  Blandine et Alexios de Montravel -  Fersen a fait beaucoup d&#039;expositions de 2011  jusqu&#039;en 2019  -\n42  CAC  -  14  RCAC  -  Meilleurs du 8\u00e8me groupe..-  Meilleurs V\u00e9t\u00e9ran\"\n               data-src=\"https:\/\/www.cocker-montravel.com\/wp-content\/uploads\/sites\/1\/nggallery\/gallerie-39\/St-Girons-CAC.jpg\"\n               data-thumbnail=\"https:\/\/www.cocker-montravel.com\/wp-content\/uploads\/sites\/1\/nggallery\/gallerie-39\/thumbs\/thumbs_St-Girons-CAC.jpg\"\n               data-image-id=\"247\"\n               data-title=\"FERSEN  DE  MONTRAVEL\"\n               data-description=\"FERSEN  Tr\u00e8s beau chien \u00e0 MC Jeanjot.  Parents :  Blandine et Alexios de Montravel -  Fersen a fait beaucoup d&#039;expositions de 2011  jusqu&#039;en 2019  -\n42  CAC  -  14  RCAC  -  Meilleurs du 8\u00e8me groupe..-  Meilleurs V\u00e9t\u00e9ran\"\n               data-image-slug=\"st-girons-cac\"\n               class=\"ngg-fancybox\" rel=\"ac4682af9f90aca14168c13c166d9e8c\">\n                <img\n                    title=\"FERSEN  DE  MONTRAVEL\"\n                    alt=\"FERSEN  DE  MONTRAVEL\"\n                    src=\"https:\/\/www.cocker-montravel.com\/wp-content\/uploads\/sites\/1\/nggallery\/gallerie-39\/thumbs\/thumbs_St-Girons-CAC.jpg\"\n                    width=\"240\"\n                    height=\"160\"\n                    style=\"max-width:100%;\"\n                \/>\n            <\/a>\n        <\/div>\n\t\t\t\t\t\t\t<\/div> \n\t\t\t\n\t\t\t\t<div id=\"ngg-image-1\" class=\"ngg-gallery-thumbnail-box \" >\n\t\t\t\t        <div class=\"ngg-gallery-thumbnail\">\n            <a href=\"https:\/\/www.cocker-montravel.com\/wp-content\/uploads\/sites\/1\/nggallery\/gallerie-39\/Fersen-T.JPG\"\n               title=\"FERSEN   Une merveilleuse t\u00eate tr\u00e8s cocker.\nMerci a sa maitresse d&#039;avoir aussi bien repr\u00e9sent\u00e9 mon \u00e9levage, pas facile pour un particulier au milieu de professionnel.  Bravo .\"\n               data-src=\"https:\/\/www.cocker-montravel.com\/wp-content\/uploads\/sites\/1\/nggallery\/gallerie-39\/Fersen-T.JPG\"\n               data-thumbnail=\"https:\/\/www.cocker-montravel.com\/wp-content\/uploads\/sites\/1\/nggallery\/gallerie-39\/thumbs\/thumbs_Fersen-T.JPG\"\n               data-image-id=\"1027\"\n               data-title=\"Fersen\"\n               data-description=\"FERSEN   Une merveilleuse t\u00eate tr\u00e8s cocker.\nMerci a sa maitresse d&#039;avoir aussi bien repr\u00e9sent\u00e9 mon \u00e9levage, pas facile pour un particulier au milieu de professionnel.  Bravo .\"\n               data-image-slug=\"fersen-t\"\n               class=\"ngg-fancybox\" rel=\"ac4682af9f90aca14168c13c166d9e8c\">\n                <img\n                    title=\"Fersen\"\n                    alt=\"Fersen\"\n                    src=\"https:\/\/www.cocker-montravel.com\/wp-content\/uploads\/sites\/1\/nggallery\/gallerie-39\/thumbs\/thumbs_Fersen-T.JPG\"\n                    width=\"240\"\n                    height=\"160\"\n                    style=\"max-width:100%;\"\n                \/>\n            <\/a>\n        <\/div>\n\t\t\t\t\t\t\t<\/div> \n\t\t\t\n\t\t\t\t<div id=\"ngg-image-2\" class=\"ngg-gallery-thumbnail-box \" >\n\t\t\t\t        <div class=\"ngg-gallery-thumbnail\">\n            <a href=\"https:\/\/www.cocker-montravel.com\/wp-content\/uploads\/sites\/1\/nggallery\/gallerie-39\/VipTalisman259.jpg\"\n               title=\"2016   CHAMPIONNAT  DE  FRANCE  \u00e0 METZ .\nEXCELLENT\"\n               data-src=\"https:\/\/www.cocker-montravel.com\/wp-content\/uploads\/sites\/1\/nggallery\/gallerie-39\/VipTalisman259.jpg\"\n               data-thumbnail=\"https:\/\/www.cocker-montravel.com\/wp-content\/uploads\/sites\/1\/nggallery\/gallerie-39\/thumbs\/thumbs_VipTalisman259.jpg\"\n               data-image-id=\"248\"\n               data-title=\"2016   METZ\"\n               data-description=\"2016   CHAMPIONNAT  DE  FRANCE  \u00e0 METZ .\nEXCELLENT\"\n               data-image-slug=\"viptalisman259\"\n               class=\"ngg-fancybox\" rel=\"ac4682af9f90aca14168c13c166d9e8c\">\n                <img\n                    title=\"2016   METZ\"\n                    alt=\"2016   METZ\"\n                    src=\"https:\/\/www.cocker-montravel.com\/wp-content\/uploads\/sites\/1\/nggallery\/gallerie-39\/thumbs\/thumbs_VipTalisman259.jpg\"\n                    width=\"240\"\n                    height=\"160\"\n                    style=\"max-width:100%;\"\n                \/>\n            <\/a>\n        <\/div>\n\t\t\t\t\t\t\t<\/div> \n\t\t\t\n\t\t\t\t<div id=\"ngg-image-3\" class=\"ngg-gallery-thumbnail-box \" >\n\t\t\t\t        <div class=\"ngg-gallery-thumbnail\">\n            <a href=\"https:\/\/www.cocker-montravel.com\/wp-content\/uploads\/sites\/1\/nggallery\/gallerie-39\/Fersen-NE-Metz.jpg\"\n               title=\"2016   CHAMPIONNAT  DE  FRANCE   \u00e0   -METZ      \nEXCELLENT\"\n               data-src=\"https:\/\/www.cocker-montravel.com\/wp-content\/uploads\/sites\/1\/nggallery\/gallerie-39\/Fersen-NE-Metz.jpg\"\n               data-thumbnail=\"https:\/\/www.cocker-montravel.com\/wp-content\/uploads\/sites\/1\/nggallery\/gallerie-39\/thumbs\/thumbs_Fersen-NE-Metz.jpg\"\n               data-image-id=\"1019\"\n               data-title=\"2016   METZ\"\n               data-description=\"2016   CHAMPIONNAT  DE  FRANCE   \u00e0   -METZ      \nEXCELLENT\"\n               data-image-slug=\"fersen-ne-metz\"\n               class=\"ngg-fancybox\" rel=\"ac4682af9f90aca14168c13c166d9e8c\">\n                <img\n                    title=\"2016   METZ\"\n                    alt=\"2016   METZ\"\n                    src=\"https:\/\/www.cocker-montravel.com\/wp-content\/uploads\/sites\/1\/nggallery\/gallerie-39\/thumbs\/thumbs_Fersen-NE-Metz.jpg\"\n                    width=\"240\"\n                    height=\"160\"\n                    style=\"max-width:100%;\"\n                \/>\n            <\/a>\n        <\/div>\n\t\t\t\t\t\t\t<\/div> \n\t\t\t\n\t\t\t\t<div id=\"ngg-image-4\" class=\"ngg-gallery-thumbnail-box \" >\n\t\t\t\t        <div class=\"ngg-gallery-thumbnail\">\n            <a href=\"https:\/\/www.cocker-montravel.com\/wp-content\/uploads\/sites\/1\/nggallery\/gallerie-39\/1-2015-16-Montlucon.jpg\"\n               title=\"2015   et  2016  MONTLUCON   -  NATIONALE    D&#039; ELEVAGE.\nEXCELLENT\"\n               data-src=\"https:\/\/www.cocker-montravel.com\/wp-content\/uploads\/sites\/1\/nggallery\/gallerie-39\/1-2015-16-Montlucon.jpg\"\n               data-thumbnail=\"https:\/\/www.cocker-montravel.com\/wp-content\/uploads\/sites\/1\/nggallery\/gallerie-39\/thumbs\/thumbs_1-2015-16-Montlucon.jpg\"\n               data-image-id=\"3099\"\n               data-title=\"2015-2016-  MONTLUCON\"\n               data-description=\"2015   et  2016  MONTLUCON   -  NATIONALE    D&#039; ELEVAGE.\nEXCELLENT\"\n               data-image-slug=\"1-2015-16-montlucon\"\n               class=\"ngg-fancybox\" rel=\"ac4682af9f90aca14168c13c166d9e8c\">\n                <img\n                    title=\"2015-2016-  MONTLUCON\"\n                    alt=\"2015-2016-  MONTLUCON\"\n                    src=\"https:\/\/www.cocker-montravel.com\/wp-content\/uploads\/sites\/1\/nggallery\/gallerie-39\/thumbs\/thumbs_1-2015-16-Montlucon.jpg\"\n                    width=\"240\"\n                    height=\"160\"\n                    style=\"max-width:100%;\"\n                \/>\n            <\/a>\n        <\/div>\n\t\t\t\t\t\t\t<\/div> \n\t\t\t\n\t\t\t\t<div id=\"ngg-image-5\" class=\"ngg-gallery-thumbnail-box \" >\n\t\t\t\t        <div class=\"ngg-gallery-thumbnail\">\n            <a href=\"https:\/\/www.cocker-montravel.com\/wp-content\/uploads\/sites\/1\/nggallery\/gallerie-39\/Fersen-2015-2019-Nantes.jpg\"\n               title=\"2015  FERSEN  \u00e0  NANTES   1er Excellent   CAC\n2019   NANTES   MEILLEUR  VETERAN  le samedi et le dimanche\"\n               data-src=\"https:\/\/www.cocker-montravel.com\/wp-content\/uploads\/sites\/1\/nggallery\/gallerie-39\/Fersen-2015-2019-Nantes.jpg\"\n               data-thumbnail=\"https:\/\/www.cocker-montravel.com\/wp-content\/uploads\/sites\/1\/nggallery\/gallerie-39\/thumbs\/thumbs_Fersen-2015-2019-Nantes.jpg\"\n               data-image-id=\"4896\"\n               data-title=\"Fersen-2015-2019-Nantes\"\n               data-description=\"2015  FERSEN  \u00e0  NANTES   1er Excellent   CAC\n2019   NANTES   MEILLEUR  VETERAN  le samedi et le dimanche\"\n               data-image-slug=\"fersen-2015-2019-nantes\"\n               class=\"ngg-fancybox\" rel=\"ac4682af9f90aca14168c13c166d9e8c\">\n                <img\n                    title=\"Fersen-2015-2019-Nantes\"\n                    alt=\"Fersen-2015-2019-Nantes\"\n                    src=\"https:\/\/www.cocker-montravel.com\/wp-content\/uploads\/sites\/1\/nggallery\/gallerie-39\/thumbs\/thumbs_Fersen-2015-2019-Nantes.jpg\"\n                    width=\"240\"\n                    height=\"160\"\n                    style=\"max-width:100%;\"\n                \/>\n            <\/a>\n        <\/div>\n\t\t\t\t\t\t\t<\/div> \n\t\t\t\n\t\t\t\t<div id=\"ngg-image-6\" class=\"ngg-gallery-thumbnail-box \" >\n\t\t\t\t        <div class=\"ngg-gallery-thumbnail\">\n            <a href=\"https:\/\/www.cocker-montravel.com\/wp-content\/uploads\/sites\/1\/nggallery\/gallerie-39\/1-Tarbes-19.jpg\"\n               title=\"2019  TARBES    1er  Excellent en v\u00e9t\u00e9ran -\"\n               data-src=\"https:\/\/www.cocker-montravel.com\/wp-content\/uploads\/sites\/1\/nggallery\/gallerie-39\/1-Tarbes-19.jpg\"\n               data-thumbnail=\"https:\/\/www.cocker-montravel.com\/wp-content\/uploads\/sites\/1\/nggallery\/gallerie-39\/thumbs\/thumbs_1-Tarbes-19.jpg\"\n               data-image-id=\"3106\"\n               data-title=\"2019  TARBES\"\n               data-description=\"2019  TARBES    1er  Excellent en v\u00e9t\u00e9ran -\"\n               data-image-slug=\"1-tarbes-19\"\n               class=\"ngg-fancybox\" rel=\"ac4682af9f90aca14168c13c166d9e8c\">\n                <img\n                    title=\"2019  TARBES\"\n                    alt=\"2019  TARBES\"\n                    src=\"https:\/\/www.cocker-montravel.com\/wp-content\/uploads\/sites\/1\/nggallery\/gallerie-39\/thumbs\/thumbs_1-Tarbes-19.jpg\"\n                    width=\"240\"\n                    height=\"160\"\n                    style=\"max-width:100%;\"\n                \/>\n            <\/a>\n        <\/div>\n\t\t\t\t\t\t\t<\/div> \n\t\t\t\n\t\t\t\t<div id=\"ngg-image-7\" class=\"ngg-gallery-thumbnail-box \" >\n\t\t\t\t        <div class=\"ngg-gallery-thumbnail\">\n            <a href=\"https:\/\/www.cocker-montravel.com\/wp-content\/uploads\/sites\/1\/nggallery\/gallerie-39\/3-Perpignan-2015.jpg\"\n               title=\"2015   -  Bordeaux  -  Perpignan   -  Auch   -    Excellent  CAC\"\n               data-src=\"https:\/\/www.cocker-montravel.com\/wp-content\/uploads\/sites\/1\/nggallery\/gallerie-39\/3-Perpignan-2015.jpg\"\n               data-thumbnail=\"https:\/\/www.cocker-montravel.com\/wp-content\/uploads\/sites\/1\/nggallery\/gallerie-39\/thumbs\/thumbs_3-Perpignan-2015.jpg\"\n               data-image-id=\"3109\"\n               data-title=\"2015\"\n               data-description=\"2015   -  Bordeaux  -  Perpignan   -  Auch   -    Excellent  CAC\"\n               data-image-slug=\"3-perpignan-2015\"\n               class=\"ngg-fancybox\" rel=\"ac4682af9f90aca14168c13c166d9e8c\">\n                <img\n                    title=\"2015\"\n                    alt=\"2015\"\n                    src=\"https:\/\/www.cocker-montravel.com\/wp-content\/uploads\/sites\/1\/nggallery\/gallerie-39\/thumbs\/thumbs_3-Perpignan-2015.jpg\"\n                    width=\"240\"\n                    height=\"160\"\n                    style=\"max-width:100%;\"\n                \/>\n            <\/a>\n        <\/div>\n\t\t\t\t\t\t\t<\/div> \n\t\t\t\n\t\t\t\t<div id=\"ngg-image-8\" class=\"ngg-gallery-thumbnail-box \" >\n\t\t\t\t        <div class=\"ngg-gallery-thumbnail\">\n            <a href=\"https:\/\/www.cocker-montravel.com\/wp-content\/uploads\/sites\/1\/nggallery\/gallerie-39\/1-Pau.jpg\"\n               title=\"2015  et  2016  PAU   1er   Excellent   CAC\"\n               data-src=\"https:\/\/www.cocker-montravel.com\/wp-content\/uploads\/sites\/1\/nggallery\/gallerie-39\/1-Pau.jpg\"\n               data-thumbnail=\"https:\/\/www.cocker-montravel.com\/wp-content\/uploads\/sites\/1\/nggallery\/gallerie-39\/thumbs\/thumbs_1-Pau.jpg\"\n               data-image-id=\"3104\"\n               data-title=\"Pau\"\n               data-description=\"2015  et  2016  PAU   1er   Excellent   CAC\"\n               data-image-slug=\"1-pau\"\n               class=\"ngg-fancybox\" rel=\"ac4682af9f90aca14168c13c166d9e8c\">\n                <img\n                    title=\"Pau\"\n                    alt=\"Pau\"\n                    src=\"https:\/\/www.cocker-montravel.com\/wp-content\/uploads\/sites\/1\/nggallery\/gallerie-39\/thumbs\/thumbs_1-Pau.jpg\"\n                    width=\"240\"\n                    height=\"160\"\n                    style=\"max-width:100%;\"\n                \/>\n            <\/a>\n        <\/div>\n\t\t\t\t\t\t\t<\/div> \n\t\t\t\n\t\t\t\t<div id=\"ngg-image-9\" class=\"ngg-gallery-thumbnail-box \" >\n\t\t\t\t        <div class=\"ngg-gallery-thumbnail\">\n            <a href=\"https:\/\/www.cocker-montravel.com\/wp-content\/uploads\/sites\/1\/nggallery\/gallerie-39\/2016-Fersen.jpg\"\n               title=\"FERSEN a eu une tr\u00e8s belle port\u00e9e de 7 chiots avec JOSIAH de Montravel ,   j&#039;ai gard\u00e9  Moon Light.\"\n               data-src=\"https:\/\/www.cocker-montravel.com\/wp-content\/uploads\/sites\/1\/nggallery\/gallerie-39\/2016-Fersen.jpg\"\n               data-thumbnail=\"https:\/\/www.cocker-montravel.com\/wp-content\/uploads\/sites\/1\/nggallery\/gallerie-39\/thumbs\/thumbs_2016-Fersen.jpg\"\n               data-image-id=\"4888\"\n               data-title=\"2016-Fersen et ses chiots\"\n               data-description=\"FERSEN a eu une tr\u00e8s belle port\u00e9e de 7 chiots avec JOSIAH de Montravel ,   j&#039;ai gard\u00e9  Moon Light.\"\n               data-image-slug=\"2016-fersen-1\"\n               class=\"ngg-fancybox\" rel=\"ac4682af9f90aca14168c13c166d9e8c\">\n                <img\n                    title=\"2016-Fersen et ses chiots\"\n                    alt=\"2016-Fersen et ses chiots\"\n                    src=\"https:\/\/www.cocker-montravel.com\/wp-content\/uploads\/sites\/1\/nggallery\/gallerie-39\/thumbs\/thumbs_2016-Fersen.jpg\"\n                    width=\"240\"\n                    height=\"160\"\n                    style=\"max-width:100%;\"\n                \/>\n            <\/a>\n        <\/div>\n\t\t\t\t\t\t\t<\/div> \n\t\t\t\n\t\t\t\t<div id=\"ngg-image-10\" class=\"ngg-gallery-thumbnail-box \" >\n\t\t\t\t        <div class=\"ngg-gallery-thumbnail\">\n            <a href=\"https:\/\/www.cocker-montravel.com\/wp-content\/uploads\/sites\/1\/nggallery\/gallerie-39\/2019-Nicely-Fersen.jpg\"\n               title=\"FERSEN a eu une deuxi\u00e8me port\u00e9e avec NICELY  de  Montravel.  4 chiots -\"\n               data-src=\"https:\/\/www.cocker-montravel.com\/wp-content\/uploads\/sites\/1\/nggallery\/gallerie-39\/2019-Nicely-Fersen.jpg\"\n               data-thumbnail=\"https:\/\/www.cocker-montravel.com\/wp-content\/uploads\/sites\/1\/nggallery\/gallerie-39\/thumbs\/thumbs_2019-Nicely-Fersen.jpg\"\n               data-image-id=\"4897\"\n               data-title=\"2019-Nicely-Fersen\"\n               data-description=\"FERSEN a eu une deuxi\u00e8me port\u00e9e avec NICELY  de  Montravel.  4 chiots -\"\n               data-image-slug=\"2019-nicely-fersen\"\n               class=\"ngg-fancybox\" rel=\"ac4682af9f90aca14168c13c166d9e8c\">\n                <img\n                    title=\"2019-Nicely-Fersen\"\n                    alt=\"2019-Nicely-Fersen\"\n                    src=\"https:\/\/www.cocker-montravel.com\/wp-content\/uploads\/sites\/1\/nggallery\/gallerie-39\/thumbs\/thumbs_2019-Nicely-Fersen.jpg\"\n                    width=\"240\"\n                    height=\"160\"\n                    style=\"max-width:100%;\"\n                \/>\n            <\/a>\n        <\/div>\n\t\t\t\t\t\t\t<\/div> \n\t\t\t\n\t\n\t<br style=\"clear: both\" \/>\n\n\t\t<div class=\"slideshowlink\">\n        <a href='https:\/\/www.cocker-montravel.com\/index.php\/nggallery\/slideshow?page_id=1448'>[Montrer sous forme de diaporama]<\/a>\n\t\t\n\t<\/div>\n\t\n\t\t<!-- Pagination -->\n\t<div class='ngg-clear'><\/div>\t<\/div>\n\n","protected":false},"excerpt":{"rendered":"<p>FERSEN de MONTRAVEL a fait de nombreux concours pr\u00e9sent\u00e9 par sa maitresse Marie Christine Jeanjot. Il a \u00e9t\u00e9 de nombreuses fois prim\u00e9. Quelques photos ci-dessous et son palmar\u00e8s. 42 CACS dont 3 en sp\u00e9ciale de Race. 14 RCAC . 6 fois meilleur de race. 2 fois Excellent en Nationale d&rsquo;\u00e9levage \u00e0 Montlu\u00e7on en 2015 et &hellip; <\/p>\n<p class=\"link-more\"><a href=\"https:\/\/www.cocker-montravel.com\/?page_id=1448\" class=\"more-link\">Continuer la lecture<span class=\"screen-reader-text\"> de &laquo;&nbsp;FERSEN de Montravel&nbsp;&raquo;<\/span><\/a><\/p>\n","protected":false},"author":3,"featured_media":0,"parent":156,"menu_order":0,"comment_status":"closed","ping_status":"closed","template":"","meta":{"ngg_post_thumbnail":0,"footnotes":""},"_links":{"self":[{"href":"https:\/\/www.cocker-montravel.com\/index.php?rest_route=\/wp\/v2\/pages\/1448"}],"collection":[{"href":"https:\/\/www.cocker-montravel.com\/index.php?rest_route=\/wp\/v2\/pages"}],"about":[{"href":"https:\/\/www.cocker-montravel.com\/index.php?rest_route=\/wp\/v2\/types\/page"}],"author":[{"embeddable":true,"href":"https:\/\/www.cocker-montravel.com\/index.php?rest_route=\/wp\/v2\/users\/3"}],"replies":[{"embeddable":true,"href":"https:\/\/www.cocker-montravel.com\/index.php?rest_route=%2Fwp%2Fv2%2Fcomments&post=1448"}],"version-history":[{"count":11,"href":"https:\/\/www.cocker-montravel.com\/index.php?rest_route=\/wp\/v2\/pages\/1448\/revisions"}],"predecessor-version":[{"id":2717,"href":"https:\/\/www.cocker-montravel.com\/index.php?rest_route=\/wp\/v2\/pages\/1448\/revisions\/2717"}],"up":[{"embeddable":true,"href":"https:\/\/www.cocker-montravel.com\/index.php?rest_route=\/wp\/v2\/pages\/156"}],"wp:attachment":[{"href":"https:\/\/www.cocker-montravel.com\/index.php?rest_route=%2Fwp%2Fv2%2Fmedia&parent=1448"}],"curies":[{"name":"wp","href":"https:\/\/api.w.org\/{rel}","templated":true}]}}