{"id":1430,"date":"2020-06-03T11:37:48","date_gmt":"2020-06-03T09:37:48","guid":{"rendered":"http:\/\/cocker-montravel.com\/?page_id=1430"},"modified":"2026-01-09T17:13:21","modified_gmt":"2026-01-09T16:13:21","slug":"futures-naissances","status":"publish","type":"page","link":"https:\/\/www.cocker-montravel.com\/?page_id=1430","title":{"rendered":"Futures naissances"},"content":{"rendered":"\n<p><\/p>\n\n\n\n<p>Futures naissances<\/p>\n\n\n\n<!-- default-view.php -->\n<div\n\tclass=\"ngg-galleryoverview default-view  ngg-ajax-pagination-none\"\n\tid=\"ngg-gallery-38b8cdca34707195543ac9fa026f4a77-1\">\n\n\t\t<!-- Thumbnails -->\n\t\t\t\t<div id=\"ngg-image-0\" class=\"ngg-gallery-thumbnail-box \" >\n\t\t\t\t        <div class=\"ngg-gallery-thumbnail\">\n            <a href=\"https:\/\/www.cocker-montravel.com\/wp-content\/uploads\/sites\/1\/nggallery\/nes-26-novembre-2019-vendus\/20260422-Rosalie.jpg\"\n               title=\"Les chiots sont n\u00e9s le 21 Avril 2026 -  4 M\u00e2les et  4 Femelles tricolores -\nPour plus de photos voir CHIOTS A VENDRE ROSALIE .\"\n               data-src=\"https:\/\/www.cocker-montravel.com\/wp-content\/uploads\/sites\/1\/nggallery\/nes-26-novembre-2019-vendus\/20260422-Rosalie.jpg\"\n               data-thumbnail=\"https:\/\/www.cocker-montravel.com\/wp-content\/uploads\/sites\/1\/nggallery\/nes-26-novembre-2019-vendus\/thumbs\/thumbs_20260422-Rosalie.jpg\"\n               data-image-id=\"5296\"\n               data-title=\"20260421-Rosalie\"\n               data-description=\"Les chiots sont n\u00e9s le 21 Avril 2026 -  4 M\u00e2les et  4 Femelles tricolores -\nPour plus de photos voir CHIOTS A VENDRE ROSALIE .\"\n               data-image-slug=\"20260422-rosalie-1\"\n               class=\"ngg-fancybox\" rel=\"38b8cdca34707195543ac9fa026f4a77\">\n                <img\n                    title=\"20260421-Rosalie\"\n                    alt=\"20260421-Rosalie\"\n                    src=\"https:\/\/www.cocker-montravel.com\/wp-content\/uploads\/sites\/1\/nggallery\/nes-26-novembre-2019-vendus\/thumbs\/thumbs_20260422-Rosalie.jpg\"\n                    width=\"240\"\n                    height=\"160\"\n                    style=\"max-width:100%;\"\n                \/>\n            <\/a>\n        <\/div>\n\t\t\t\t\t\t\t<\/div> \n\t\t\t\n\t\n\t<br style=\"clear: both\" \/>\n\n\t\t<div class=\"slideshowlink\">\n        <a href='https:\/\/www.cocker-montravel.com\/index.php\/nggallery\/slideshow?page_id=1430'>[Montrer sous forme de diaporama]<\/a>\n\t\t\n\t<\/div>\n\t\n\t\t<!-- Pagination -->\n\t<div class='ngg-clear'><\/div>\t<\/div>\n\n\n\n\n<p>UHAINA de Montravel &#8211; Naissances le 1er janvier 2026 &#8211; 3 femelles et 1 m\u00e2le tricolores  &#8211; Voir les photos dans chiots \u00e0 vendre Uhaina &#8211; P\u00e8re OSLO de Montravel &#8211;<\/p>\n","protected":false},"excerpt":{"rendered":"<p>Futures naissances UHAINA de Montravel &#8211; Naissances le 1er janvier 2026 &#8211; 3 femelles et 1 m\u00e2le tricolores &#8211; Voir les photos dans chiots \u00e0 vendre Uhaina &#8211; P\u00e8re OSLO de Montravel &#8211;<\/p>\n","protected":false},"author":3,"featured_media":0,"parent":1417,"menu_order":8,"comment_status":"closed","ping_status":"closed","template":"","meta":{"ngg_post_thumbnail":0,"footnotes":""},"_links":{"self":[{"href":"https:\/\/www.cocker-montravel.com\/index.php?rest_route=\/wp\/v2\/pages\/1430"}],"collection":[{"href":"https:\/\/www.cocker-montravel.com\/index.php?rest_route=\/wp\/v2\/pages"}],"about":[{"href":"https:\/\/www.cocker-montravel.com\/index.php?rest_route=\/wp\/v2\/types\/page"}],"author":[{"embeddable":true,"href":"https:\/\/www.cocker-montravel.com\/index.php?rest_route=\/wp\/v2\/users\/3"}],"replies":[{"embeddable":true,"href":"https:\/\/www.cocker-montravel.com\/index.php?rest_route=%2Fwp%2Fv2%2Fcomments&post=1430"}],"version-history":[{"count":42,"href":"https:\/\/www.cocker-montravel.com\/index.php?rest_route=\/wp\/v2\/pages\/1430\/revisions"}],"predecessor-version":[{"id":6384,"href":"https:\/\/www.cocker-montravel.com\/index.php?rest_route=\/wp\/v2\/pages\/1430\/revisions\/6384"}],"up":[{"embeddable":true,"href":"https:\/\/www.cocker-montravel.com\/index.php?rest_route=\/wp\/v2\/pages\/1417"}],"wp:attachment":[{"href":"https:\/\/www.cocker-montravel.com\/index.php?rest_route=%2Fwp%2Fv2%2Fmedia&parent=1430"}],"curies":[{"name":"wp","href":"https:\/\/api.w.org\/{rel}","templated":true}]}}