{"id":1428,"date":"2020-06-03T11:37:29","date_gmt":"2020-06-03T09:37:29","guid":{"rendered":"http:\/\/cocker-montravel.com\/?page_id=1428"},"modified":"2026-01-09T17:14:46","modified_gmt":"2026-01-09T16:14:46","slug":"chiots-a-vendre-2","status":"publish","type":"page","link":"https:\/\/www.cocker-montravel.com\/?page_id=1428","title":{"rendered":"Chiots \u00e0 vendre (2) Uhaina"},"content":{"rendered":"\n<p><\/p>\n\n\n\n<ul>\n<li>Mes chiennes mettent bas dans ma chambre o\u00f9 elles sont surveill\u00e9es et c\u00e2lin\u00e9es. Elles profitent pleinement de leurs b\u00e9b\u00e9s confiantes et heureuses. Elles y restent une quinzaine de jours avant de rejoindre la nurserie.<\/li>\n\n\n\n<li>Pour tous renseignements  T\u00e9l : 05 53 58 63 85 ou  06 83 32 67 21<\/li>\n\n\n\n<li>Par mails : de.luca-josee@josee &#8211;<\/li>\n\n\n\n<li>NAISSANCES  le 1er  janvier 2026  &#8211; 3 femelles  et  1 m\u00e2le tricolores<\/li>\n<\/ul>\n\n\n\n<!-- default-view.php -->\n<div\n\tclass=\"ngg-galleryoverview default-view  ngg-ajax-pagination-none\"\n\tid=\"ngg-gallery-3d282846e532e44768ae97f09faee92f-1\">\n\n\t\t<!-- Thumbnails -->\n\t\t\t\t<div id=\"ngg-image-0\" class=\"ngg-gallery-thumbnail-box \" >\n\t\t\t\t        <div class=\"ngg-gallery-thumbnail\">\n            <a href=\"https:\/\/www.cocker-montravel.com\/wp-content\/uploads\/sites\/1\/nggallery\/chiots-a-vendre\/0-2026-Chiots-Uhaina-Oslo.jpg\"\n               title=\"2026  UHAINA et OSLO de Montravel sont les parents de cette port\u00e9e n\u00e9e le 1er Janvier 2026.  Ici \u00e0 2 mois. NE SONT PLUS DISPONIBLES.\"\n               data-src=\"https:\/\/www.cocker-montravel.com\/wp-content\/uploads\/sites\/1\/nggallery\/chiots-a-vendre\/0-2026-Chiots-Uhaina-Oslo.jpg\"\n               data-thumbnail=\"https:\/\/www.cocker-montravel.com\/wp-content\/uploads\/sites\/1\/nggallery\/chiots-a-vendre\/thumbs\/thumbs_0-2026-Chiots-Uhaina-Oslo.jpg\"\n               data-image-id=\"5223\"\n               data-title=\"2026-Chiots-Uhaina-Oslo\"\n               data-description=\"2026  UHAINA et OSLO de Montravel sont les parents de cette port\u00e9e n\u00e9e le 1er Janvier 2026.  Ici \u00e0 2 mois. NE SONT PLUS DISPONIBLES.\"\n               data-image-slug=\"0-2026-chiots-uhaina-oslo\"\n               class=\"ngg-fancybox\" rel=\"3d282846e532e44768ae97f09faee92f\">\n                <img\n                    title=\"2026-Chiots-Uhaina-Oslo\"\n                    alt=\"2026-Chiots-Uhaina-Oslo\"\n                    src=\"https:\/\/www.cocker-montravel.com\/wp-content\/uploads\/sites\/1\/nggallery\/chiots-a-vendre\/thumbs\/thumbs_0-2026-Chiots-Uhaina-Oslo.jpg\"\n                    width=\"240\"\n                    height=\"160\"\n                    style=\"max-width:100%;\"\n                \/>\n            <\/a>\n        <\/div>\n\t\t\t\t\t\t\t<\/div> \n\t\t\t\n\t\t\t\t<div id=\"ngg-image-1\" class=\"ngg-gallery-thumbnail-box \" >\n\t\t\t\t        <div class=\"ngg-gallery-thumbnail\">\n            <a href=\"https:\/\/www.cocker-montravel.com\/wp-content\/uploads\/sites\/1\/nggallery\/chiots-a-vendre\/202602-Uhaina.jpg\"\n               title=\"2026  UHAINA  et ses  chiots 2 mois.   Bonnie - Bloom - Brume - Ba\u00efne  -\nProchaines naissances vers le 20 Avril - Rosalie et Usco -\"\n               data-src=\"https:\/\/www.cocker-montravel.com\/wp-content\/uploads\/sites\/1\/nggallery\/chiots-a-vendre\/202602-Uhaina.jpg\"\n               data-thumbnail=\"https:\/\/www.cocker-montravel.com\/wp-content\/uploads\/sites\/1\/nggallery\/chiots-a-vendre\/thumbs\/thumbs_202602-Uhaina.jpg\"\n               data-image-id=\"5244\"\n               data-title=\"2026-Uhaina\"\n               data-description=\"2026  UHAINA  et ses  chiots 2 mois.   Bonnie - Bloom - Brume - Ba\u00efne  -\nProchaines naissances vers le 20 Avril - Rosalie et Usco -\"\n               data-image-slug=\"202602-uhaina-1\"\n               class=\"ngg-fancybox\" rel=\"3d282846e532e44768ae97f09faee92f\">\n                <img\n                    title=\"2026-Uhaina\"\n                    alt=\"2026-Uhaina\"\n                    src=\"https:\/\/www.cocker-montravel.com\/wp-content\/uploads\/sites\/1\/nggallery\/chiots-a-vendre\/thumbs\/thumbs_202602-Uhaina.jpg\"\n                    width=\"240\"\n                    height=\"160\"\n                    style=\"max-width:100%;\"\n                \/>\n            <\/a>\n        <\/div>\n\t\t\t\t\t\t\t<\/div> \n\t\t\t\n\t\n\t<br style=\"clear: both\" \/>\n\n\t\t<div class=\"slideshowlink\">\n        <a href='https:\/\/www.cocker-montravel.com\/index.php\/nggallery\/slideshow?page_id=1428'>[Montrer sous forme de diaporama]<\/a>\n\t\t\n\t<\/div>\n\t\n\t\t<!-- Pagination -->\n\t<div class='ngg-clear'><\/div>\t<\/div>\n\n","protected":false},"excerpt":{"rendered":"","protected":false},"author":3,"featured_media":0,"parent":2734,"menu_order":5,"comment_status":"closed","ping_status":"closed","template":"","meta":{"ngg_post_thumbnail":0,"footnotes":""},"_links":{"self":[{"href":"https:\/\/www.cocker-montravel.com\/index.php?rest_route=\/wp\/v2\/pages\/1428"}],"collection":[{"href":"https:\/\/www.cocker-montravel.com\/index.php?rest_route=\/wp\/v2\/pages"}],"about":[{"href":"https:\/\/www.cocker-montravel.com\/index.php?rest_route=\/wp\/v2\/types\/page"}],"author":[{"embeddable":true,"href":"https:\/\/www.cocker-montravel.com\/index.php?rest_route=\/wp\/v2\/users\/3"}],"replies":[{"embeddable":true,"href":"https:\/\/www.cocker-montravel.com\/index.php?rest_route=%2Fwp%2Fv2%2Fcomments&post=1428"}],"version-history":[{"count":90,"href":"https:\/\/www.cocker-montravel.com\/index.php?rest_route=\/wp\/v2\/pages\/1428\/revisions"}],"predecessor-version":[{"id":6385,"href":"https:\/\/www.cocker-montravel.com\/index.php?rest_route=\/wp\/v2\/pages\/1428\/revisions\/6385"}],"up":[{"embeddable":true,"href":"https:\/\/www.cocker-montravel.com\/index.php?rest_route=\/wp\/v2\/pages\/2734"}],"wp:attachment":[{"href":"https:\/\/www.cocker-montravel.com\/index.php?rest_route=%2Fwp%2Fv2%2Fmedia&parent=1428"}],"curies":[{"name":"wp","href":"https:\/\/api.w.org\/{rel}","templated":true}]}}