{"id":1413,"date":"2020-06-03T11:29:08","date_gmt":"2020-06-03T09:29:08","guid":{"rendered":"http:\/\/cocker-montravel.com\/?page_id=1413"},"modified":"2026-02-09T17:06:17","modified_gmt":"2026-02-09T16:06:17","slug":"lelevage","status":"publish","type":"page","link":"https:\/\/www.cocker-montravel.com\/","title":{"rendered":"L&rsquo;\u00e9levage"},"content":{"rendered":"\n<p>BIENVENUE A L&rsquo;ELEVAGE DE MONTRAVEL.                                                                                                    <\/p>\n\n\n\n<p>NOUS SOMMES SITUES DANS LA REGION BORDELAISE,  PRES DE SAINT EMILION.                        en DORDOGNE  \u00e0  MONTCARET                                                                                                                                                                           &#8211; Pour tous renseignements     Jos\u00e9e De Luca      T\u00e9l  05 53 58 63 85  ou  06 83 32 67 21                                                                                                                      <\/p>\n\n\n\n<p>PETIT ELEVAGE FAMILIAL cr\u00e9\u00e9 en 1977 en collaboration avec Manet FRIED dont l&rsquo;\u00e9levage l&rsquo;HERBE VIVE \u00e9tait tr\u00e8s renomm\u00e9. Elle m&rsquo;a transmis sa PASSION et ses SOUCHES <\/p>\n\n\n\n\n\n\t<div class='ngg-imagebrowser default-view'\n         id='ngg-imagebrowser-2ece86176c5cf7a24c93dbc80c0a868a-1413'\n         data-nextgen-gallery-id=\"2ece86176c5cf7a24c93dbc80c0a868a\">\n\n        <h3>2026-Rosalie<\/h3>\n\n\t\t<div id=\"ngg-image-0\" class=\"pic\" >\n        \n        <a href='https:\/\/www.cocker-montravel.com\/wp-content\/uploads\/sites\/1\/nggallery\/accueil\/20260422-Rosalie.jpg'\n           title='NAISSANCES  le 21  Avril 2026 pour ROSALIE - Il y a 4 M\u00e2les et 4 Femelles tricolores.  Pour plus de photos voir  Chiots \u00e0 vendre Rosalie.'\n           data-src=\"https:\/\/www.cocker-montravel.com\/wp-content\/uploads\/sites\/1\/nggallery\/accueil\/20260422-Rosalie.jpg\"\n           data-thumbnail=\"https:\/\/www.cocker-montravel.com\/wp-content\/uploads\/sites\/1\/nggallery\/accueil\/thumbs\/thumbs_20260422-Rosalie.jpg\"\n           data-image-id=\"5297\"\n           data-title=\"2026-Rosalie\"\n           data-description=\"NAISSANCES  le 21  Avril 2026 pour ROSALIE - Il y a 4 M\u00e2les et 4 Femelles tricolores.  Pour plus de photos voir  Chiots \u00e0 vendre Rosalie.\"\n           class=\"ngg-fancybox\" rel=\"2ece86176c5cf7a24c93dbc80c0a868a\">\n            <img title='2026-Rosalie'\n                 alt='2026-Rosalie'\n                 src='https:\/\/www.cocker-montravel.com\/wp-content\/uploads\/sites\/1\/nggallery\/accueil\/20260422-Rosalie.jpg'\/>\n        <\/a>\n\t    \n        <\/div> \n\n        <div class='ngg-imagebrowser-nav'>\n\n            <div class='back'>\n                <a class='ngg-browser-prev'\n                   id='ngg-prev-4830'\n                   href='https:\/\/www.cocker-montravel.com\/index.php\/nggallery\/image\/a-lelevage-19?rest_route=%2Fwp%2Fv2%2Fpages%2F1413\/'>\n                    <i class=\"fa fa-chevron-left\" aria-hidden=\"true\"><\/i>\n                <\/a>\n            <\/div>\n\n            <div class='next'>\n                <a class='ngg-browser-next'\n                   id='ngg-next-5233'\n                   href='https:\/\/www.cocker-montravel.com\/index.php\/nggallery\/image\/0-rosalie-et-usco?rest_route=%2Fwp%2Fv2%2Fpages%2F1413\/'>\n                    <i class=\"fa fa-chevron-right\" aria-hidden=\"true\"><\/i>\n                <\/a>\n            <\/div>\n\n            <div class='counter'>\n                Image                1                parmi                49            <\/div>\n\n            <div class='ngg-imagebrowser-desc'>\n                <p>NAISSANCES  le 21  Avril 2026 pour ROSALIE - Il y a 4 M\u00e2les et 4 Femelles tricolores.  Pour plus de photos voir  Chiots \u00e0 vendre Rosalie.<\/p>\n            <\/div>\n\n        <\/div>\n    <\/div>\n\n\n\n\n\n<p>Membre du spaniel Club depuis 1978. D\u00e9l\u00e9gu\u00e9e d\u00e9partementale du Spaniel Club pendant plus de 30 ans. CERTIFICAT de CAPACITE. NUMERO DE SIRET 404 186 322 000 16<\/p>\n\n\n\n<p>&#8211; En 1980 important d&rsquo;Angleterre mon premier \u00e9talon MUSKATEER OF STONEMILL tricolore noir et blanc, il est \u00e0 la base de tous mes tricolores et autres couleurs. <\/p>\n\n\n\n<p>&#8211; En 1990 FLOWER DE CARAMEL. Elle sera \u00e0 l&rsquo;origine d&rsquo;une tr\u00e8s belle lign\u00e9e de fauve et noir :  Iasmine &#8211; Paloma &#8211; Dune &#8211;<\/p>\n\n\n\n<p>&#8211; En 1994 important d&rsquo;Allemagne STAR&rsquo;S SIMPLY THE BEST m\u00e2le noir et blanc -j&rsquo;ai gard\u00e9 son fils NEGUS, puis ALEXIOS fils de N\u00e9gus<\/p>\n\n\n\n<p>1999 &#8211; CORRALET CALL GIRL- Elle est \u00e0 l&rsquo;origine de toute une lign\u00e9e : UKANE &#8211; BLANDINE &#8211; FAUSTINE &#8211; HELLO KETTY &#8211; JOSIAH &#8211; MOON LIGHT &#8211; NICELY &#8211; OKARINA et UHAINA<\/p>\n\n\n\n<p>&#8211; En 2009 &#8211; EARLGREY DU DOMAINE DE MAKNO , il nous a quitt\u00e9 en d\u00e9cembre 2023. Il laisse un grand vide pour toute la famille &#8230; 15 ans ! c&rsquo;\u00e9tait mon ombre et un compagnon merveilleux pour mes petits enfants . J&rsquo;ai gard\u00e9 ses filles NICELY et JOSIAH &#8211;<\/p>\n\n\n\n<p>&#8211; En 2017 &#8211; SUNSET d&rsquo;HELL NANOOK &#8211; Malheureusement Il est d\u00e9c\u00e9d\u00e9 brutalement avant ses 2 ans.  J&rsquo;ai gard\u00e9 sa fille OKARINA<\/p>\n\n\n\n<p>En 2023- USCO DU DOMAINE DES CLAYEUX &#8211; M\u00e2le tricolore &#8211; Etalon <\/p>\n\n\n\n<p><\/p>\n","protected":false},"excerpt":{"rendered":"<p>BIENVENUE A L&rsquo;ELEVAGE DE MONTRAVEL. NOUS SOMMES SITUES DANS LA REGION BORDELAISE, PRES DE SAINT EMILION. en DORDOGNE \u00e0 MONTCARET &#8211; Pour tous renseignements Jos\u00e9e De Luca T\u00e9l 05 53 58 63 85 ou 06 83 32 67 21 PETIT ELEVAGE FAMILIAL cr\u00e9\u00e9 en 1977 en collaboration avec Manet FRIED dont l&rsquo;\u00e9levage l&rsquo;HERBE VIVE \u00e9tait &hellip; <\/p>\n<p class=\"link-more\"><a href=\"https:\/\/www.cocker-montravel.com\/\" class=\"more-link\">Continuer la lecture<span class=\"screen-reader-text\"> de &laquo;&nbsp;L&rsquo;\u00e9levage&nbsp;&raquo;<\/span><\/a><\/p>\n","protected":false},"author":3,"featured_media":0,"parent":0,"menu_order":4,"comment_status":"closed","ping_status":"closed","template":"","meta":{"ngg_post_thumbnail":0,"footnotes":""},"_links":{"self":[{"href":"https:\/\/www.cocker-montravel.com\/index.php?rest_route=\/wp\/v2\/pages\/1413"}],"collection":[{"href":"https:\/\/www.cocker-montravel.com\/index.php?rest_route=\/wp\/v2\/pages"}],"about":[{"href":"https:\/\/www.cocker-montravel.com\/index.php?rest_route=\/wp\/v2\/types\/page"}],"author":[{"embeddable":true,"href":"https:\/\/www.cocker-montravel.com\/index.php?rest_route=\/wp\/v2\/users\/3"}],"replies":[{"embeddable":true,"href":"https:\/\/www.cocker-montravel.com\/index.php?rest_route=%2Fwp%2Fv2%2Fcomments&post=1413"}],"version-history":[{"count":72,"href":"https:\/\/www.cocker-montravel.com\/index.php?rest_route=\/wp\/v2\/pages\/1413\/revisions"}],"predecessor-version":[{"id":6530,"href":"https:\/\/www.cocker-montravel.com\/index.php?rest_route=\/wp\/v2\/pages\/1413\/revisions\/6530"}],"wp:attachment":[{"href":"https:\/\/www.cocker-montravel.com\/index.php?rest_route=%2Fwp%2Fv2%2Fmedia&parent=1413"}],"curies":[{"name":"wp","href":"https:\/\/api.w.org\/{rel}","templated":true}]}}